{"id":5122,"date":"2023-01-27T13:27:34","date_gmt":"2023-01-27T12:27:34","guid":{"rendered":"https:\/\/dataeconomycongress.pl\/the-competition-jury\/"},"modified":"2026-02-24T15:35:46","modified_gmt":"2026-02-24T14:35:46","slug":"the-competition-jury","status":"publish","type":"page","link":"https:\/\/smartcityforum.pl\/en\/the-competition-jury\/","title":{"rendered":"The competition jury"},"content":{"rendered":"<div id=\"pl-5122\"  class=\"panel-layout\" ><div id=\"pg-5122-0\"  class=\"panel-grid panel-no-style\" ><div id=\"pgc-5122-0-0\"  class=\"panel-grid-cell\" ><div id=\"panel-5122-0-0-0\" class=\"widget_text so-panel widget widget_custom_html panel-first-child panel-last-child\" data-index=\"0\" ><div class=\"textwidget custom-html-widget\"><style>\n    \/* 1. G\u0141\u00d3WNY KONTENER - Wymusza r\u00f3wne odst\u0119py *\/\n    .kapitula-section {\n        padding: 20px 0;\n        max-width: 1200px;\n        margin: 0 auto;\n    }\n\n    \/* 2. SIATKA - CSS Grid (najstabilniejszy spos\u00f3b na r\u00f3wne rz\u0119dy) *\/\n    .kapitula-grid {\n        display: grid;\n        grid-template-columns: repeat(6, 1fr); \/* 6 os\u00f3b w rz\u0119dzie na PC *\/\n        gap: 20px;\n        text-align: center;\n    }\n\n    \/* Responsywno\u015b\u0107 siatki *\/\n    @media (max-width: 1100px) { .kapitula-grid { grid-template-columns: repeat(4, 1fr); } }\n    @media (max-width: 768px) { .kapitula-grid { grid-template-columns: repeat(3, 1fr); } }\n    @media (max-width: 480px) { .kapitula-grid { grid-template-columns: repeat(2, 1fr); } }\n\n    \/* 3. POJEDYNCZY KAfelek *\/\n    .k-item {\n        cursor: pointer;\n        display: flex;\n        flex-direction: column;\n        align-items: center;\n    }\n\n    \/* 4. NAPRAWA ZDJ\u0118\u0106 - Wymuszamy pokazanie obrazka *\/\n    .k-img-box {\n        width: 100%;\n        max-width: 170px;\n        aspect-ratio: 1\/1; \/* Wszystkie zdj\u0119cia b\u0119d\u0105 mia\u0142y ten sam kszta\u0142t *\/\n        margin-bottom: 10px;\n        overflow: hidden;\n        border-radius: 4px;\n        background: #eee; \/* T\u0142o pod obrazkiem je\u015bli si\u0119 nie wczyta *\/\n    }\n\n    .k-img-box img {\n        width: 100% !important;\n        height: 100% !important;\n        object-fit: cover !important;\n        display: block !important;\n        opacity: 1 !important; \/* Wy\u0142\u0105cza efekt ukrycia zdj\u0119cia *\/\n        visibility: visible !important;\n    }\n\n    \/* 5. NAPISY *\/\n    .k-info b {\n        font-size: 14px;\n        line-height: 1.2;\n        display: block;\n        margin-bottom: 4px;\n        color: #000;\n    }\n\n    .k-info p {\n        font-size: 11px;\n        color: #666;\n        line-height: 1.3;\n        margin: 0;\n    }\n\n    \/* 6. MODALE - fix *\/\n    .modal-body .note { text-align: left; margin-top: 15px; font-size: 14px; }\n    .closebtn { float: right; border: none; background: none; font-size: 24px; cursor: pointer; }\n<\/style>\n\n<div class=\"kapitula-section\">\n    <h2 style=\"text-align: center; margin-bottom: 40px;\"><strong>Smart City Awards Jury<\/strong><\/h2>\n\n    <div class=\"kapitula-grid\">\n        \n        <!-- 1. Maciej Bluj -->\n        <div class=\"k-item\" data-toggle=\"modal\" data-target=\"#34685\">\n            <div class=\"k-img-box\"><img decoding=\"async\" src=\"http:\/\/old.smartcityforum.pl\/wp-content\/uploads\/2019\/12\/Maciej-Bluj1.jpg\"><\/div>\n            <div class=\"k-info\"><b>Maciej Bluj<\/b><p>Chairman of the Competition Jury, Smart City Solutions Expert, Deputy Mayor of Wroc\u0142aw 2007 \u2013 2018<\/p><\/div>\n        <\/div>\n\n        <!-- 2. Witold Abramowicz -->\n        <div class=\"k-item\" data-toggle=\"modal\" data-target=\"#15583\">\n            <div class=\"k-img-box\"><img decoding=\"async\" src=\"http:\/\/old.smartcityforum.pl\/wp-content\/uploads\/2017\/12\/Witold-Abramowicz.jpg\"><\/div>\n            <div class=\"k-info\"><b>Witold Abramowicz<\/b><p>Professor at the Pozna\u0144 University of Economics and Business<\/p><\/div>\n        <\/div>\n\n        <!-- 3. dr in\u017c. Anna Bober -->\n        <div class=\"k-item\" data-toggle=\"modal\" data-target=\"#37576\">\n            <div class=\"k-img-box\"><img decoding=\"async\" src=\"http:\/\/old.smartcityforum.pl\/wp-content\/uploads\/2025\/04\/bober300.png\"><\/div>\n            <div class=\"k-info\"><b>PhD Eng. Anna Bober<\/b><p>Deputy Surveyor General of Poland, Head Office of Geodesy and Cartography<\/p><\/div>\n        <\/div>\n\n        <!-- 4. Szymon Ciupa -->\n        <div class=\"k-item\" data-toggle=\"modal\" data-target=\"#15587\">\n            <div class=\"k-img-box\"><img decoding=\"async\" src=\"http:\/\/old.smartcityforum.pl\/wp-content\/uploads\/2020\/01\/Szymon-Ciupa-1.jpg\"><\/div>\n            <div class=\"k-info\"><b>Szymon Ciupa<\/b><p>Smart City and GIS Expert<\/p><\/div>\n        <\/div>\n\n        <!-- 5. Jan Czajkowski -->\n        <div class=\"k-item\" data-toggle=\"modal\" data-target=\"#15585\">\n            <div class=\"k-img-box\"><img decoding=\"async\" src=\"http:\/\/old.smartcityforum.pl\/wp-content\/uploads\/2017\/12\/Jan-Czajkowski.jpg\"><\/div>\n            <div class=\"k-info\"><b>Jan Czajkowski<\/b><p>Expert, Association of Polish Cities<\/p><\/div>\n        <\/div>\n\n        <!-- 6. Bartosz Dominiak -->\n        <div class=\"k-item\" data-toggle=\"modal\" data-target=\"#15617\">\n            <div class=\"k-img-box\"><img decoding=\"async\" src=\"http:\/\/old.smartcityforum.pl\/wp-content\/uploads\/2020\/01\/Bartosz-Dominiak-1.jpg\"><\/div>\n            <div class=\"k-info\"><b>Bartosz Dominiak<\/b><p>Director General, Ministry of Digital Affairs<\/p><\/div>\n        <\/div>\n\n        <!-- 7. Adam J\u0119drzejewski -->\n        <div class=\"k-item\" data-toggle=\"modal\" data-target=\"#16633\">\n            <div class=\"k-img-box\"><img decoding=\"async\" src=\"http:\/\/old.smartcityforum.pl\/wp-content\/uploads\/2021\/05\/Adam-Jedrzejewski-1.jpg\"><\/div>\n            <div class=\"k-info\"><b>Adam J\u0119drzejewski<\/b><p>Founder & CEO, Mobile City Association<\/p><\/div>\n        <\/div>\n\n        <!-- 8. Julia Kozak -->\n        <div class=\"k-item\" data-toggle=\"modal\" data-target=\"#17824\">\n            <div class=\"k-img-box\"><img decoding=\"async\" src=\"http:\/\/old.smartcityforum.pl\/wp-content\/uploads\/2021\/10\/Julia-Kozak.jpg\"><\/div>\n            <div class=\"k-info\"><b>Julia Kozak<\/b><p>Partner, THINKTANK<\/p><\/div>\n        <\/div>\n\n        <!-- 9. Tomasz Kulisiewicz -->\n        <div class=\"k-item\" data-toggle=\"modal\" data-target=\"#15485\">\n            <div class=\"k-img-box\"><img decoding=\"async\" src=\"http:\/\/old.smartcityforum.pl\/wp-content\/uploads\/2017\/12\/Tomasz-Kulisiewicz.jpg\"><\/div>\n            <div class=\"k-info\"><b>Tomasz Kulisiewicz<\/b><p>Expert, Centre for Studies on Digital Government<\/p><\/div>\n        <\/div>\n\n        <!-- 10. Maciej Mazur -->\n        <div class=\"k-item\" data-toggle=\"modal\" data-target=\"#26610\">\n            <div class=\"k-img-box\"><img decoding=\"async\" src=\"http:\/\/old.smartcityforum.pl\/wp-content\/uploads\/2023\/10\/mazur300.jpg\"><\/div>\n            <div class=\"k-info\"><b>Maciej Mazur<\/b><p>Managing Director, Polish Alternative Fuels Association<\/p><\/div>\n        <\/div>\n\n        <!-- 11. Tadeusz Osowski -->\n        <div class=\"k-item\" data-toggle=\"modal\" data-target=\"#24243\">\n            <div class=\"k-img-box\"><img decoding=\"async\" src=\"http:\/\/old.smartcityforum.pl\/wp-content\/uploads\/2023\/05\/Tadeusz-Osowski.jpg\"><\/div>\n            <div class=\"k-info\"><b>Tadeusz Osowski<\/b><p>Digital Transformation Expert, Union of Polish Metropolises<\/p><\/div>\n        <\/div>\n\n        <!-- 12. Aneta Pernak -->\n        <div class=\"k-item\" data-toggle=\"modal\" data-target=\"#19465\">\n            <div class=\"k-img-box\"><img decoding=\"async\" src=\"http:\/\/old.smartcityforum.pl\/wp-content\/uploads\/2022\/04\/Aneta-Pernak.jpg\"><\/div>\n            <div class=\"k-info\"><b>Aneta Pernak<\/b><p>Vice President of the Board, MM Conferences<\/p><\/div>\n        <\/div>\n\n        <!-- 13. Agata Rz\u0119dowska -->\n        <div class=\"k-item\" data-toggle=\"modal\" data-target=\"#28363\">\n            <div class=\"k-img-box\"><img decoding=\"async\" src=\"http:\/\/old.smartcityforum.pl\/wp-content\/uploads\/2024\/03\/woman-avatar.png\"><\/div>\n            <div class=\"k-info\"><b>Agata Rz\u0119dowska<\/b><p>Journalist, podcast author, the only Polish juror in the Women's World Car of the Year competition<\/p><\/div>\n        <\/div>\n\n        <!-- 14. Marek W\u0105sowski -->\n        <!--<div class=\"k-item\" data-toggle=\"modal\" data-target=\"#15559\">\n            <div class=\"k-img-box\"><img decoding=\"async\" src=\"http:\/\/old.smartcityforum.pl\/wp-content\/uploads\/2017\/12\/Marek-Wasowski.jpg\"><\/div>\n            <div class=\"k-info\"><b>Marek W\u0105sowski<\/b><p>Wroc\u0142aw University of Science and Technology<\/p><\/div>\n        <\/div>-->\n\n        <!-- 15. Maciej Witczak -->\n        <div class=\"k-item\" data-toggle=\"modal\" data-target=\"#17856\">\n            <div class=\"k-img-box\"><img decoding=\"async\" src=\"http:\/\/old.smartcityforum.pl\/wp-content\/uploads\/2021\/10\/Maciej-Witczak-1.jpg\"><\/div>\n            <div class=\"k-info\"><b>Maciej Witczak<\/b><p>President of the Board, O\u015bwietlenie Uliczne i Drogowe<\/p><\/div>\n        <\/div>\n\n        <!-- 16. Piotr Zesiuk -->\n        <div class=\"k-item\" data-toggle=\"modal\" data-target=\"#15569\">\n            <div class=\"k-img-box\"><img decoding=\"async\" src=\"http:\/\/old.smartcityforum.pl\/wp-content\/uploads\/2020\/01\/pz-new-300x300.jpg\"><\/div>\n            <div class=\"k-info\"><b>Piotr Zesiuk<\/b><p>President of the Board, MM Conferences<\/p><\/div>\n        <\/div>\n\n    <\/div>\n<\/div><\/div><\/div><\/div><\/div><\/div>","protected":false},"excerpt":{"rendered":"<p>Smart City Awards Jury Maciej BlujChairman of the Competition Jury, Smart City Solutions Expert, Deputy Mayor of Wroc\u0142aw 2007 \u2013 2018 Witold AbramowiczProfessor at the Pozna\u0144 University of Economics and&#8230;<\/p>\n","protected":false},"author":1,"featured_media":0,"parent":0,"menu_order":0,"comment_status":"closed","ping_status":"closed","template":"","meta":{"_acf_changed":false,"inline_featured_image":false,"footnotes":""},"class_list":["post-5122","page","type-page","status-publish","hentry"],"acf":[],"yoast_head":"<!-- This site is optimized with the Yoast SEO plugin v26.5 - https:\/\/yoast.com\/wordpress\/plugins\/seo\/ -->\n<title>The competition jury - Smart City Forum<\/title>\n<meta name=\"robots\" content=\"index, follow, max-snippet:-1, max-image-preview:large, max-video-preview:-1\" \/>\n<link rel=\"canonical\" href=\"https:\/\/smartcityforum.pl\/en\/the-competition-jury\/\" \/>\n<meta property=\"og:locale\" content=\"en_US\" \/>\n<meta property=\"og:type\" content=\"article\" \/>\n<meta property=\"og:title\" content=\"The competition jury - Smart City Forum\" \/>\n<meta property=\"og:description\" content=\"Smart City Awards Jury Maciej BlujChairman of the Competition Jury, Smart City Solutions Expert, Deputy Mayor of Wroc\u0142aw 2007 \u2013 2018 Witold AbramowiczProfessor at the Pozna\u0144 University of Economics and...\" \/>\n<meta property=\"og:url\" content=\"https:\/\/smartcityforum.pl\/en\/the-competition-jury\/\" \/>\n<meta property=\"og:site_name\" content=\"Smart City Forum\" \/>\n<meta property=\"article:publisher\" content=\"https:\/\/www.facebook.com\/SmartCityForum\/\" \/>\n<meta property=\"article:modified_time\" content=\"2026-02-24T14:35:46+00:00\" \/>\n<meta property=\"og:image\" content=\"https:\/\/smartcityforum.pl\/wp-content\/uploads\/2026\/01\/Smart-City-Forum-2026-h1-mat-do-pobrania-1200x630-v1.jpg\" \/>\n\t<meta property=\"og:image:width\" content=\"1200\" \/>\n\t<meta property=\"og:image:height\" content=\"630\" \/>\n\t<meta property=\"og:image:type\" content=\"image\/jpeg\" \/>\n<meta name=\"twitter:card\" content=\"summary_large_image\" \/>\n<meta name=\"twitter:site\" content=\"@SmartCityForum\" \/>\n<meta name=\"twitter:label1\" content=\"Est. reading time\" \/>\n\t<meta name=\"twitter:data1\" content=\"4 minutes\" \/>\n<script type=\"application\/ld+json\" class=\"yoast-schema-graph\">{\"@context\":\"https:\/\/schema.org\",\"@graph\":[{\"@type\":\"WebPage\",\"@id\":\"https:\/\/smartcityforum.pl\/en\/the-competition-jury\/\",\"url\":\"https:\/\/smartcityforum.pl\/en\/the-competition-jury\/\",\"name\":\"The competition jury - Smart City Forum\",\"isPartOf\":{\"@id\":\"https:\/\/smartcityforum.pl\/#website\"},\"datePublished\":\"2023-01-27T12:27:34+00:00\",\"dateModified\":\"2026-02-24T14:35:46+00:00\",\"breadcrumb\":{\"@id\":\"https:\/\/smartcityforum.pl\/en\/the-competition-jury\/#breadcrumb\"},\"inLanguage\":\"en-US\",\"potentialAction\":[{\"@type\":\"ReadAction\",\"target\":[\"https:\/\/smartcityforum.pl\/en\/the-competition-jury\/\"]}]},{\"@type\":\"BreadcrumbList\",\"@id\":\"https:\/\/smartcityforum.pl\/en\/the-competition-jury\/#breadcrumb\",\"itemListElement\":[{\"@type\":\"ListItem\",\"position\":1,\"name\":\"Strona g\u0142\u00f3wna\",\"item\":\"https:\/\/smartcityforum.pl\/en\/\"},{\"@type\":\"ListItem\",\"position\":2,\"name\":\"The competition jury\"}]},{\"@type\":\"WebSite\",\"@id\":\"https:\/\/smartcityforum.pl\/#website\",\"url\":\"https:\/\/smartcityforum.pl\/\",\"name\":\"Smart City Forum\",\"description\":\"\",\"publisher\":{\"@id\":\"https:\/\/smartcityforum.pl\/#organization\"},\"potentialAction\":[{\"@type\":\"SearchAction\",\"target\":{\"@type\":\"EntryPoint\",\"urlTemplate\":\"https:\/\/smartcityforum.pl\/?s={search_term_string}\"},\"query-input\":{\"@type\":\"PropertyValueSpecification\",\"valueRequired\":true,\"valueName\":\"search_term_string\"}}],\"inLanguage\":\"en-US\"},{\"@type\":\"Organization\",\"@id\":\"https:\/\/smartcityforum.pl\/#organization\",\"name\":\"Smart City Forum\",\"url\":\"https:\/\/smartcityforum.pl\/\",\"logo\":{\"@type\":\"ImageObject\",\"inLanguage\":\"en-US\",\"@id\":\"https:\/\/smartcityforum.pl\/#\/schema\/logo\/image\/\",\"url\":\"https:\/\/smartcityforum.pl\/wp-content\/uploads\/2026\/01\/Smart-City-Forum-2026-h1-mat-do-pobrania-1200x630-v1.jpg\",\"contentUrl\":\"https:\/\/smartcityforum.pl\/wp-content\/uploads\/2026\/01\/Smart-City-Forum-2026-h1-mat-do-pobrania-1200x630-v1.jpg\",\"width\":1200,\"height\":630,\"caption\":\"Smart City Forum\"},\"image\":{\"@id\":\"https:\/\/smartcityforum.pl\/#\/schema\/logo\/image\/\"},\"sameAs\":[\"https:\/\/www.facebook.com\/SmartCityForum\/\",\"https:\/\/x.com\/SmartCityForum\",\"https:\/\/www.linkedin.com\/showcase\/smart-city-forum\/\"]}]}<\/script>\n<!-- \/ Yoast SEO plugin. -->","yoast_head_json":{"title":"The competition jury - Smart City Forum","robots":{"index":"index","follow":"follow","max-snippet":"max-snippet:-1","max-image-preview":"max-image-preview:large","max-video-preview":"max-video-preview:-1"},"canonical":"https:\/\/smartcityforum.pl\/en\/the-competition-jury\/","og_locale":"en_US","og_type":"article","og_title":"The competition jury - Smart City Forum","og_description":"Smart City Awards Jury Maciej BlujChairman of the Competition Jury, Smart City Solutions Expert, Deputy Mayor of Wroc\u0142aw 2007 \u2013 2018 Witold AbramowiczProfessor at the Pozna\u0144 University of Economics and...","og_url":"https:\/\/smartcityforum.pl\/en\/the-competition-jury\/","og_site_name":"Smart City Forum","article_publisher":"https:\/\/www.facebook.com\/SmartCityForum\/","article_modified_time":"2026-02-24T14:35:46+00:00","og_image":[{"width":1200,"height":630,"url":"https:\/\/smartcityforum.pl\/wp-content\/uploads\/2026\/01\/Smart-City-Forum-2026-h1-mat-do-pobrania-1200x630-v1.jpg","type":"image\/jpeg"}],"twitter_card":"summary_large_image","twitter_site":"@SmartCityForum","twitter_misc":{"Est. reading time":"4 minutes"},"schema":{"@context":"https:\/\/schema.org","@graph":[{"@type":"WebPage","@id":"https:\/\/smartcityforum.pl\/en\/the-competition-jury\/","url":"https:\/\/smartcityforum.pl\/en\/the-competition-jury\/","name":"The competition jury - Smart City Forum","isPartOf":{"@id":"https:\/\/smartcityforum.pl\/#website"},"datePublished":"2023-01-27T12:27:34+00:00","dateModified":"2026-02-24T14:35:46+00:00","breadcrumb":{"@id":"https:\/\/smartcityforum.pl\/en\/the-competition-jury\/#breadcrumb"},"inLanguage":"en-US","potentialAction":[{"@type":"ReadAction","target":["https:\/\/smartcityforum.pl\/en\/the-competition-jury\/"]}]},{"@type":"BreadcrumbList","@id":"https:\/\/smartcityforum.pl\/en\/the-competition-jury\/#breadcrumb","itemListElement":[{"@type":"ListItem","position":1,"name":"Strona g\u0142\u00f3wna","item":"https:\/\/smartcityforum.pl\/en\/"},{"@type":"ListItem","position":2,"name":"The competition jury"}]},{"@type":"WebSite","@id":"https:\/\/smartcityforum.pl\/#website","url":"https:\/\/smartcityforum.pl\/","name":"Smart City Forum","description":"","publisher":{"@id":"https:\/\/smartcityforum.pl\/#organization"},"potentialAction":[{"@type":"SearchAction","target":{"@type":"EntryPoint","urlTemplate":"https:\/\/smartcityforum.pl\/?s={search_term_string}"},"query-input":{"@type":"PropertyValueSpecification","valueRequired":true,"valueName":"search_term_string"}}],"inLanguage":"en-US"},{"@type":"Organization","@id":"https:\/\/smartcityforum.pl\/#organization","name":"Smart City Forum","url":"https:\/\/smartcityforum.pl\/","logo":{"@type":"ImageObject","inLanguage":"en-US","@id":"https:\/\/smartcityforum.pl\/#\/schema\/logo\/image\/","url":"https:\/\/smartcityforum.pl\/wp-content\/uploads\/2026\/01\/Smart-City-Forum-2026-h1-mat-do-pobrania-1200x630-v1.jpg","contentUrl":"https:\/\/smartcityforum.pl\/wp-content\/uploads\/2026\/01\/Smart-City-Forum-2026-h1-mat-do-pobrania-1200x630-v1.jpg","width":1200,"height":630,"caption":"Smart City Forum"},"image":{"@id":"https:\/\/smartcityforum.pl\/#\/schema\/logo\/image\/"},"sameAs":["https:\/\/www.facebook.com\/SmartCityForum\/","https:\/\/x.com\/SmartCityForum","https:\/\/www.linkedin.com\/showcase\/smart-city-forum\/"]}]}},"_links":{"self":[{"href":"https:\/\/smartcityforum.pl\/en\/wp-json\/wp\/v2\/pages\/5122","targetHints":{"allow":["GET"]}}],"collection":[{"href":"https:\/\/smartcityforum.pl\/en\/wp-json\/wp\/v2\/pages"}],"about":[{"href":"https:\/\/smartcityforum.pl\/en\/wp-json\/wp\/v2\/types\/page"}],"author":[{"embeddable":true,"href":"https:\/\/smartcityforum.pl\/en\/wp-json\/wp\/v2\/users\/1"}],"replies":[{"embeddable":true,"href":"https:\/\/smartcityforum.pl\/en\/wp-json\/wp\/v2\/comments?post=5122"}],"version-history":[{"count":1,"href":"https:\/\/smartcityforum.pl\/en\/wp-json\/wp\/v2\/pages\/5122\/revisions"}],"predecessor-version":[{"id":48236,"href":"https:\/\/smartcityforum.pl\/en\/wp-json\/wp\/v2\/pages\/5122\/revisions\/48236"}],"wp:attachment":[{"href":"https:\/\/smartcityforum.pl\/en\/wp-json\/wp\/v2\/media?parent=5122"}],"curies":[{"name":"wp","href":"https:\/\/api.w.org\/{rel}","templated":true}]}}